{"id":58,"date":"2020-04-19T16:08:38","date_gmt":"2020-04-19T14:08:38","guid":{"rendered":"http:\/\/lefarou.fr\/?page_id=58"},"modified":"2020-04-19T16:29:55","modified_gmt":"2020-04-19T14:29:55","slug":"qui-sommes-nous","status":"publish","type":"page","link":"https:\/\/lefarou.fr\/index.php\/qui-sommes-nous\/","title":{"rendered":"Qui sommes nous"},"content":{"rendered":"\n<p style=\"text-align:left\"> Le Farou\u00a0n\u2019est ni vraiment un caramel ni tout \u00e0 fait un chocolat\u00a0; il est fondant en bouche et ne colle pas aux dents\u00a0; C\u2019est peut-\u00eatre cela qui fait son succ\u00e8s depuis des ann\u00e9es aupr\u00e8s de tous ceux qui l\u2019ont go\u00fbt\u00e9. Devant l\u2019enthousiasme des amis et de la famille, Sophie a d\u00e9cid\u00e9 de cr\u00e9er une entreprise pour produire et commercialiser le Farou.<\/p>\n\n\n\n<p>\nDe retour en terre occitane avec son mari et ses enfants apr\u00e8s 17\nans pass\u00e9s successivement \u00e0 l\u2019\u00e9tranger puis en Touraine, Sophie\nvient d\u2019int\u00e9grer la couveuse d\u2019Entreprises BGE \u00e0 Verniolles.<\/p>\n\n\n\n<p>\nSophie fabrique le Farou de mani\u00e8re artisanale selon une recette de\nfamille que sa maman lui a transmis; elle poss\u00e8de le tour de main\nparticulier qui fait la sp\u00e9cificit\u00e9 du Farou.<\/p>\n\n\n\n<p> La fabrication ne comporte aucun additif et le Farou est emball\u00e9 \u00e0 la main.<\/p>\n\n\n\n<p>\nAvec le Farou, Sophie veut transmettre ses valeurs de partage et\nd\u2019amiti\u00e9 comme en t\u00e9moigne son slogan&nbsp;: \u00ab&nbsp;Le Farou\naime tout le monde&nbsp;\u00bb. Elle travaille exclusivement avec des\nentreprises ari\u00e8geoises<\/p>\n\n\n\n<p>\nSon entreprise se veut respectueuse de l\u2019environnement avec un\nobjectif de produire sans CO2&nbsp;; elle se veut aussi sociale avec\nun engagement de reverser une partie de ses b\u00e9n\u00e9fices \u00e0 des \u0153uvres\nsociales.<\/p>\n","protected":false},"excerpt":{"rendered":"<p>Le Farou\u00a0n\u2019est ni vraiment un caramel ni tout \u00e0 fait un chocolat\u00a0; il est fondant en bouche et ne colle [&hellip;]<\/p>\n","protected":false},"author":1,"featured_media":0,"parent":0,"menu_order":0,"comment_status":"closed","ping_status":"closed","template":"","meta":{"site-sidebar-layout":"default","site-content-layout":"","ast-site-content-layout":"default","site-content-style":"default","site-sidebar-style":"default","ast-global-header-display":"","ast-banner-title-visibility":"","ast-main-header-display":"","ast-hfb-above-header-display":"","ast-hfb-below-header-display":"","ast-hfb-mobile-header-display":"","site-post-title":"","ast-breadcrumbs-content":"","ast-featured-img":"","footer-sml-layout":"","ast-disable-related-posts":"","theme-transparent-header-meta":"","adv-header-id-meta":"","stick-header-meta":"","header-above-stick-meta":"","header-main-stick-meta":"","header-below-stick-meta":"","astra-migrate-meta-layouts":"default","ast-page-background-enabled":"default","ast-page-background-meta":{"desktop":{"background-color":"var(--ast-global-color-5)","background-image":"","background-repeat":"repeat","background-position":"center center","background-size":"auto","background-attachment":"scroll","background-type":"","background-media":"","overlay-type":"","overlay-color":"","overlay-opacity":"","overlay-gradient":""},"tablet":{"background-color":"","background-image":"","background-repeat":"repeat","background-position":"center center","background-size":"auto","background-attachment":"scroll","background-type":"","background-media":"","overlay-type":"","overlay-color":"","overlay-opacity":"","overlay-gradient":""},"mobile":{"background-color":"","background-image":"","background-repeat":"repeat","background-position":"center center","background-size":"auto","background-attachment":"scroll","background-type":"","background-media":"","overlay-type":"","overlay-color":"","overlay-opacity":"","overlay-gradient":""}},"ast-content-background-meta":{"desktop":{"background-color":"var(--ast-global-color-4)","background-image":"","background-repeat":"repeat","background-position":"center center","background-size":"auto","background-attachment":"scroll","background-type":"","background-media":"","overlay-type":"","overlay-color":"","overlay-opacity":"","overlay-gradient":""},"tablet":{"background-color":"var(--ast-global-color-4)","background-image":"","background-repeat":"repeat","background-position":"center center","background-size":"auto","background-attachment":"scroll","background-type":"","background-media":"","overlay-type":"","overlay-color":"","overlay-opacity":"","overlay-gradient":""},"mobile":{"background-color":"var(--ast-global-color-4)","background-image":"","background-repeat":"repeat","background-position":"center center","background-size":"auto","background-attachment":"scroll","background-type":"","background-media":"","overlay-type":"","overlay-color":"","overlay-opacity":"","overlay-gradient":""}},"footnotes":""},"class_list":["post-58","page","type-page","status-publish","hentry"],"_links":{"self":[{"href":"https:\/\/lefarou.fr\/index.php\/wp-json\/wp\/v2\/pages\/58","targetHints":{"allow":["GET"]}}],"collection":[{"href":"https:\/\/lefarou.fr\/index.php\/wp-json\/wp\/v2\/pages"}],"about":[{"href":"https:\/\/lefarou.fr\/index.php\/wp-json\/wp\/v2\/types\/page"}],"author":[{"embeddable":true,"href":"https:\/\/lefarou.fr\/index.php\/wp-json\/wp\/v2\/users\/1"}],"replies":[{"embeddable":true,"href":"https:\/\/lefarou.fr\/index.php\/wp-json\/wp\/v2\/comments?post=58"}],"version-history":[{"count":3,"href":"https:\/\/lefarou.fr\/index.php\/wp-json\/wp\/v2\/pages\/58\/revisions"}],"predecessor-version":[{"id":70,"href":"https:\/\/lefarou.fr\/index.php\/wp-json\/wp\/v2\/pages\/58\/revisions\/70"}],"wp:attachment":[{"href":"https:\/\/lefarou.fr\/index.php\/wp-json\/wp\/v2\/media?parent=58"}],"curies":[{"name":"wp","href":"https:\/\/api.w.org\/{rel}","templated":true}]}}