{"id":248,"date":"2025-04-11T09:18:16","date_gmt":"2025-04-11T07:18:16","guid":{"rendered":"https:\/\/lefarou.fr\/?page_id=248"},"modified":"2025-04-11T10:14:24","modified_gmt":"2025-04-11T08:14:24","slug":"mentions-legales","status":"publish","type":"page","link":"https:\/\/lefarou.fr\/index.php\/mentions-legales\/","title":{"rendered":"mentions l\u00e9gales"},"content":{"rendered":"\t\t<div data-elementor-type=\"wp-page\" data-elementor-id=\"248\" class=\"elementor elementor-248\">\n\t\t\t\t<div class=\"elementor-element elementor-element-9656b9d e-flex e-con-boxed e-con e-parent\" data-id=\"9656b9d\" data-element_type=\"container\" data-e-type=\"container\">\n\t\t\t\t\t<div class=\"e-con-inner\">\n\t\t\t\t<div class=\"elementor-element elementor-element-336cb1d elementor-widget elementor-widget-text-editor\" data-id=\"336cb1d\" data-element_type=\"widget\" data-e-type=\"widget\" data-widget_type=\"text-editor.default\">\n\t\t\t\t<div class=\"elementor-widget-container\">\n\t\t\t\t\t\t\t\t\t<h3><span class=\"StrongEmphasis\"><span style=\"font-weight: normal;\">Mentions l\u00e9gales<\/span><\/span><\/h3><h4><span class=\"StrongEmphasis\"><span style=\"font-weight: normal;\">\u00c9diteur du site<\/span><\/span><\/h4><p class=\"Textbody\">Nom de l&rsquo;artisan : Lefr\u00e8re<br \/>Statut : EI<br \/>Num\u00e9ro SIRET : 91979353900025<br \/>Adresse : 9 chemin du Barry 09120 Crampagna<br \/>T\u00e9l\u00e9phone : 06 26 47 04 89<br \/>Email : <a href=\"mailto:sophie.lefrere@lefarou.fr\">sophie.lefrere@lefarou.fr<\/a> <br \/>Responsable de la publication : Lefr\u00e8re<\/p><h4><span class=\"StrongEmphasis\"><span style=\"font-weight: normal;\">H\u00e9bergement du site<\/span><\/span><\/h4><p class=\"Textbody\">Nom de l&rsquo;h\u00e9bergeur : OVH<br \/>Adresse de l&rsquo;h\u00e9bergeur : OVH cloud 2 rue Kellermann 59100 Roubaix<br \/>T\u00e9l\u00e9phone : 09 72 10\u00a000 70<br \/>Site web : www.ovhcloud.com<\/p><h4><span class=\"StrongEmphasis\"><span style=\"font-weight: normal;\">Propri\u00e9t\u00e9 intellectuelle<\/span><\/span><\/h4><p class=\"Textbody\">L&rsquo;ensemble du contenu du site www.lefarou.fr (textes, images, illustrations, logos, ic\u00f4nes, vid\u00e9os, etc.) est la propri\u00e9t\u00e9 exclusive de Lefr\u00e8re, sauf mention contraire. Toute reproduction, distribution, modification, ou utilisation de ces contenus sans autorisation pr\u00e9alable est interdite.<\/p><h4><span class=\"StrongEmphasis\"><span style=\"font-weight: normal;\">Protection des donn\u00e9es personnelles<\/span><\/span><\/h4><p class=\"Textbody\">Les informations recueillies via les formulaires pr\u00e9sents sur le site sont destin\u00e9es \u00e0 [Nom de l&rsquo;artisan] afin de traiter vos demandes. Conform\u00e9ment \u00e0 la loi \u00ab Informatique et Libert\u00e9s \u00bb et au R\u00e8glement G\u00e9n\u00e9ral sur la Protection des Donn\u00e9es (RGPD), vous disposez d&rsquo;un droit d&rsquo;acc\u00e8s, de rectification et de suppression de vos donn\u00e9es.<br \/>Pour exercer ces droits, veuillez envoyer une demande \u00e0 : sophie.lefrere@lefrarou.fr.<\/p><h4><span class=\"StrongEmphasis\"><span style=\"font-weight: normal;\">Cookies<\/span><\/span><\/h4><p class=\"Textbody\">Le site utilise des cookies afin d&rsquo;am\u00e9liorer votre exp\u00e9rience utilisateur. Vous pouvez configurer votre navigateur pour refuser les cookies.<\/p><h4><span class=\"StrongEmphasis\"><span style=\"font-weight: normal;\">Responsabilit\u00e9<\/span><\/span><\/h4><p class=\"Textbody\">Lefr\u00e8re met tout en \u0153uvre pour assurer l&rsquo;exactitude des informations diffus\u00e9es sur son site, mais d\u00e9cline toute responsabilit\u00e9 en cas d&rsquo;erreur, d&rsquo;inexactitude, ou d&rsquo;omission.<\/p><h4><span class=\"StrongEmphasis\"><span style=\"font-weight: normal;\">Droit applicable<\/span><\/span><\/h4><p class=\"Textbody\">Les pr\u00e9sentes mentions l\u00e9gales sont soumises au droit fran\u00e7ais.<\/p>\t\t\t\t\t\t\t\t<\/div>\n\t\t\t\t<\/div>\n\t\t\t\t\t<\/div>\n\t\t\t\t<\/div>\n\t\t\t\t<\/div>\n\t\t","protected":false},"excerpt":{"rendered":"<p>Mentions l\u00e9gales \u00c9diteur du site Nom de l&rsquo;artisan : Lefr\u00e8reStatut : EINum\u00e9ro SIRET : 91979353900025Adresse : 9 chemin du Barry [&hellip;]<\/p>\n","protected":false},"author":1,"featured_media":0,"parent":0,"menu_order":0,"comment_status":"closed","ping_status":"closed","template":"","meta":{"site-sidebar-layout":"no-sidebar","site-content-layout":"","ast-site-content-layout":"full-width-container","site-content-style":"default","site-sidebar-style":"default","ast-global-header-display":"","ast-banner-title-visibility":"","ast-main-header-display":"","ast-hfb-above-header-display":"","ast-hfb-below-header-display":"","ast-hfb-mobile-header-display":"","site-post-title":"disabled","ast-breadcrumbs-content":"","ast-featured-img":"disabled","footer-sml-layout":"","ast-disable-related-posts":"","theme-transparent-header-meta":"","adv-header-id-meta":"","stick-header-meta":"","header-above-stick-meta":"","header-main-stick-meta":"","header-below-stick-meta":"","astra-migrate-meta-layouts":"default","ast-page-background-enabled":"default","ast-page-background-meta":{"desktop":{"background-color":"var(--ast-global-color-5)","background-image":"","background-repeat":"repeat","background-position":"center center","background-size":"auto","background-attachment":"scroll","background-type":"","background-media":"","overlay-type":"","overlay-color":"","overlay-opacity":"","overlay-gradient":""},"tablet":{"background-color":"","background-image":"","background-repeat":"repeat","background-position":"center center","background-size":"auto","background-attachment":"scroll","background-type":"","background-media":"","overlay-type":"","overlay-color":"","overlay-opacity":"","overlay-gradient":""},"mobile":{"background-color":"","background-image":"","background-repeat":"repeat","background-position":"center center","background-size":"auto","background-attachment":"scroll","background-type":"","background-media":"","overlay-type":"","overlay-color":"","overlay-opacity":"","overlay-gradient":""}},"ast-content-background-meta":{"desktop":{"background-color":"var(--ast-global-color-4)","background-image":"","background-repeat":"repeat","background-position":"center center","background-size":"auto","background-attachment":"scroll","background-type":"","background-media":"","overlay-type":"","overlay-color":"","overlay-opacity":"","overlay-gradient":""},"tablet":{"background-color":"var(--ast-global-color-4)","background-image":"","background-repeat":"repeat","background-position":"center center","background-size":"auto","background-attachment":"scroll","background-type":"","background-media":"","overlay-type":"","overlay-color":"","overlay-opacity":"","overlay-gradient":""},"mobile":{"background-color":"var(--ast-global-color-4)","background-image":"","background-repeat":"repeat","background-position":"center center","background-size":"auto","background-attachment":"scroll","background-type":"","background-media":"","overlay-type":"","overlay-color":"","overlay-opacity":"","overlay-gradient":""}},"footnotes":""},"class_list":["post-248","page","type-page","status-publish","hentry"],"_links":{"self":[{"href":"https:\/\/lefarou.fr\/index.php\/wp-json\/wp\/v2\/pages\/248","targetHints":{"allow":["GET"]}}],"collection":[{"href":"https:\/\/lefarou.fr\/index.php\/wp-json\/wp\/v2\/pages"}],"about":[{"href":"https:\/\/lefarou.fr\/index.php\/wp-json\/wp\/v2\/types\/page"}],"author":[{"embeddable":true,"href":"https:\/\/lefarou.fr\/index.php\/wp-json\/wp\/v2\/users\/1"}],"replies":[{"embeddable":true,"href":"https:\/\/lefarou.fr\/index.php\/wp-json\/wp\/v2\/comments?post=248"}],"version-history":[{"count":4,"href":"https:\/\/lefarou.fr\/index.php\/wp-json\/wp\/v2\/pages\/248\/revisions"}],"predecessor-version":[{"id":257,"href":"https:\/\/lefarou.fr\/index.php\/wp-json\/wp\/v2\/pages\/248\/revisions\/257"}],"wp:attachment":[{"href":"https:\/\/lefarou.fr\/index.php\/wp-json\/wp\/v2\/media?parent=248"}],"curies":[{"name":"wp","href":"https:\/\/api.w.org\/{rel}","templated":true}]}}